{"id":494,"date":"2025-09-24T16:04:53","date_gmt":"2025-09-24T16:04:53","guid":{"rendered":"https:\/\/bluefloret.com\/?page_id=494"},"modified":"2025-09-24T16:04:53","modified_gmt":"2025-09-24T16:04:53","slug":"leistungen","status":"publish","type":"page","link":"https:\/\/bluefloret.com\/?page_id=494&lang=de","title":{"rendered":"LEISTUNGEN"},"content":{"rendered":"<div class=\"wp-block-cover has-custom-content-position is-position-top-center\" style=\"margin-top:0;margin-bottom:0;padding-top:0;padding-right:0;padding-bottom:0;padding-left:0;min-height:700px;aspect-ratio:unset;\"><img decoding=\"async\" class=\"wp-block-cover__image-background wp-image-58 size-full\" alt=\"\" src=\"https:\/\/bluefloret.com\/wp-content\/uploads\/2025\/09\/bl.jpg\" data-object-fit=\"cover\"><span aria-hidden=\"true\" class=\"wp-block-cover__background has-primary-background-color has-background-dim\"><\/span><\/p>\n\n\n<div class=\"wp-block-column is-layout-flow wp-block-column-is-layout-flow\">\n\n<div class=\"wp-block-group has-global-padding is-content-justification-left is-layout-constrained wp-container-core-group-is-layout-db6cbf98 wp-block-group-is-layout-constrained\" style=\"margin-right:40px;margin-left:40px;\">\n<h2 class=\"wp-block-heading has-text-align-left has-white-text-color-color has-text-color has-link-color has-poppins-font-family wp-elements-0f7850d3798732ec2f7a0a06310f3d4c\" style=\"font-family:Arial; font-weight:900; font-size:clamp(35.2px, 2.2rem + ((1vw - 3.2px) * 3.273), 64px);color:#fff; margin-top:45px; margin-bottom:45px;\">LEISTUNGEN<\/h2>\n<p class=\"has-text-align-left has-white-text-color-color has-text-color has-link-color wp-elements-c040715147e06ab9bf426025620fc2b0 is-layout-flex wp-container-core-columns-is-layout-60002329 wp-block-columns-is-layout-flex\" style=\"font-family:Arial; font-weight:500; font-size:clamp(14px, 0.875rem + ((1vw - 3.2px) * 0.455), 24px);color:#fff;\">Unser Kerngesch\u00e4ft ist die professionelle schriftliche \u00dcbersetzung von Texten und Dokumenten in mehr als 70 Sprachen. Die hohe Qualit\u00e4t unserer Leistungen gew\u00e4hrleistet ein Team erfahrener \u00dcbersetzer, Lektorinnen und Lektoren, Korrektorinnen und Korrektoren sowie DTP-Spezialistinnen und -Spezialisten f\u00fcr Satz und Layout \u2013 jeweils mit ausgewiesener Fachkompetenz.\n<br><br>\nAlle \u00dcbersetzungen werden ausschlie\u00dflich von Muttersprachlerinnen und Muttersprachlern angefertigt. Das garantiert einen nat\u00fcrlichen Sprachfluss und pr\u00e4zise Formulierungen.\n<br><br>\nBLUE FLORET ist als \u00dcbersetzungsagentur innerhalb der Europ\u00e4ischen Union lizenziert; daher k\u00f6nnen abgeschlossene \u00dcbersetzungen auf Wunsch offiziell bescheinigt und mit dem Firmensiegel versehen werden (zertifizierte \u00dcbersetzung). Unser Hauptleistung ist die schriftliche \u00dcbersetzung von Dokumenten und Texten aus und in mehr als 70 Sprachen, einschlie\u00dflich hochspezialisierter Inhalte aus den Bereichen Technik, Medizin, Recht, Marketing u. a. Dar\u00fcber hinaus bieten wir professionellen Satz und Layout (DTP) sowie Formatierungen jeglicher Komplexit\u00e4t, ebenso Lektorat, Korrektorat und Adaption von kundenseitig bereitgestellten Texten und \u00dcbersetzungen.\n<\/p>\n<\/div>\n<p><\/main>\n<\/div>\n<\/div>\n\n\n<div class=\"wp-block-group alignfull is-content-justification-center\" style=\"margin-top:0;margin-bottom:0\"><div class=\"wp-block-group__inner-container is-layout-constrained wp-block-group-is-layout-constrained\">\n<div style=\"height:7px\" aria-hidden=\"true\" class=\"wp-block-spacer\"><\/div>\n<\/div><\/div>\n\n\n\n\n\n<div class=\"wp-block-column is-layout-flow wp-block-column-is-layout-flow\" style=\"margin-left:30px;margin-right:30px;\">\n<div class=\"wp-block-columns is-layout-flex wp-container-core-columns-is-layout-60002329 wp-block-columns-is-layout-flex\" style=\"padding-top:var(--wp--preset--spacing--30)\">\n<div class=\"wp-block-column is-layout-flow wp-block-column-is-layout-flow\">\n<div class=\"wp-block-group has-border-color\" style=\"height:235px;border-color:#d3d3d3;border-width:1px;border-radius:6px;margin-top:0;margin-bottom:0;padding-top:var(--wp--preset--spacing--30);padding-right:var(--wp--preset--spacing--30);padding-bottom:var(--wp--preset--spacing--30);padding-left:var(--wp--preset--spacing--30)\"><div class=\"wp-block-group__inner-container is-layout-constrained wp-container-core-group-is-layout-a1657e3c wp-block-group-is-layout-constrained\">\n\n<figure class=\"wp-block-image size-full is-resized wp-duotone-979797-c2a990-1\"><img decoding=\"async\" src=\"https:\/\/bluefloret.com\/wp-content\/uploads\/2025\/09\/icons8-abc-48.png\" alt=\"\" class=\"wp-image-881\" style=\"width:40px; margin-left:25px;\"\/><\/figure>\n\n\n\n<h2 class=\"wp-block-heading\" style=\"margin-top:var(--wp--preset--spacing--20);margin-bottom:0;font-size:18px;font-style:normal;font-weight:700;line-height:1.6; margin-left:25px;\">Schriftliche \u00dcbersetzung<\/h2>\n\n\n\n<p class=\"has-dark-text-color-color has-text-color has-link-color wp-elements-2a61e430280185b575823b205946101c\" style=\"margin-left:25px;\">\u2013 \u00dcber 70 Sprachen<br>\n\u2013 Qualifizierte muttersprachliche Fachkr\u00e4fte<\/p>\n\n\n<\/div><\/div>\n<\/div>\n\n\n\n<div class=\"wp-block-column is-layout-flow wp-block-column-is-layout-flow\">\n<div class=\"wp-block-group has-border-color has-button-hover-text-color-background-color has-background\" style=\"height:235px;border-color:#d3d3d3;border-width:1px;border-radius:6px;margin-top:0;margin-bottom:0;padding-top:var(--wp--preset--spacing--30);padding-right:var(--wp--preset--spacing--30);padding-bottom:var(--wp--preset--spacing--30);padding-left:var(--wp--preset--spacing--30)\"><div class=\"wp-block-group__inner-container is-layout-constrained wp-container-core-group-is-layout-a1657e3c wp-block-group-is-layout-constrained\">\n\n<figure class=\"wp-block-image size-full is-resized wp-duotone-979797-c2a990-2\"><img decoding=\"async\" src=\"https:\/\/bluefloret.com\/wp-content\/uploads\/2025\/09\/icons8-book-48.png\" alt=\"\" class=\"wp-image-880\" style=\"width:40px;  margin-left:25px;\"\/><\/figure>\n\n\n\n<h2 class=\"wp-block-heading\" style=\"margin-top:var(--wp--preset--spacing--20);margin-bottom:0;font-size:18px;font-style:normal;font-weight:700;line-height:1.6; margin-left:25px;\">Professionelles Lektorat<\/h2>\n\n\n\n<p class=\"has-dark-text-color-color has-text-color has-link-color wp-elements-8e1f3e82135392d9d474d024da6945c5\" style=\"margin-left:25px;\">\u2013 Fach- und wissenschaftliches Lektorat<br>\n\u2013 Erstellung von Glossaren und Terminologiedatenbanken<\/p>\n\n\n<\/div><\/div>\n<\/div>\n\n\n\n<div class=\"wp-block-column is-layout-flow wp-block-column-is-layout-flow\">\n<div class=\"wp-block-group has-border-color\" style=\"height:235px;border-color:#d3d3d3;border-width:1px;border-radius:6px;margin-top:0;margin-bottom:0;padding-top:var(--wp--preset--spacing--30);padding-right:var(--wp--preset--spacing--30);padding-bottom:var(--wp--preset--spacing--30);padding-left:var(--wp--preset--spacing--30)\"><div class=\"wp-block-group__inner-container is-layout-constrained wp-container-core-group-is-layout-a1657e3c wp-block-group-is-layout-constrained\">\n\n<figure class=\"wp-block-image size-full is-resized wp-duotone-979797-c2a990-3\"><img decoding=\"async\" src=\"https:\/\/bluefloret.com\/wp-content\/uploads\/2025\/09\/icons8-microscope-48.png\" alt=\"\" class=\"wp-image-879\" style=\"width:40px;  margin-left:25px;\"\/><\/figure>\n\n\n\n<h2 class=\"wp-block-heading\" style=\"margin-top:var(--wp--preset--spacing--20);margin-bottom:0;font-size:18px;font-style:normal;font-weight:700;line-height:1.6;  margin-left:25px;\">Fachgebiete<\/h2>\n\n\n\n<p class=\"has-dark-text-color-color has-text-color has-link-color wp-elements-5943fbf70d9eecd9155a8a0058d435cd\" style=\"margin-left:25px;\">\u2013 Technik und Medizin<br>\n\u2013 Recht, Marketing u. a.<\/p>\n\n\n<\/div><\/div>\n<\/div>\n<\/div>\n<\/div>\n\n\n\n\n\n\n<br>\n\n\n\n\n\n<div class=\"wp-block-column is-layout-flow wp-block-column-is-layout-flow\" style=\"margin-left:30px;margin-right:30px;\">\n<div class=\"wp-block-columns is-layout-flex wp-container-core-columns-is-layout-8b288d98 wp-block-columns-is-layout-flex\" style=\"padding-top:0\">\n<div class=\"wp-block-column is-layout-flow wp-block-column-is-layout-flow\">\n<div class=\"wp-block-group has-border-color has-button-hover-text-color-background-color has-background\" style=\"height:235px;border-color:#d3d3d3;border-width:1px;border-radius:6px;margin-top:0;margin-bottom:0;padding-top:var(--wp--preset--spacing--30);padding-right:var(--wp--preset--spacing--30);padding-bottom:var(--wp--preset--spacing--30);padding-left:var(--wp--preset--spacing--30)\"><div class=\"wp-block-group__inner-container is-layout-constrained wp-container-core-group-is-layout-a1657e3c wp-block-group-is-layout-constrained\">\n\n<figure class=\"wp-block-image size-full is-resized wp-duotone-979797-c2a990-4\"><img decoding=\"async\" src=\"https:\/\/bluefloret.com\/wp-content\/uploads\/2025\/09\/icons8-warranty-48.png\" alt=\"\" class=\"wp-image-878\" style=\"width:40px;  margin-left:25px;\"\/><\/figure>\n\n\n\n<h2 class=\"wp-block-heading\" style=\"margin-top:var(--wp--preset--spacing--20);margin-bottom:0;font-size:18px;font-style:normal;font-weight:700;line-height:1.6;  margin-left:25px;\">Zertifizierte \u00dcbersetzung<\/h2>\n\n\n\n<p class=\"has-dark-text-color-color has-text-color has-link-color wp-elements-9d9690d47d9d425a994ca79cb2bd0c79\" style=\"margin-left:25px;\">\u2013 Offizielle Bescheinigung mit Firmensiegel<br>\n\u2013 Rechtlich g\u00fcltige \u00dcbersetzungen<\/p>\n\n\n<\/div><\/div>\n<\/div>\n\n\n\n<div class=\"wp-block-column is-layout-flow wp-block-column-is-layout-flow\">\n<div class=\"wp-block-group has-border-color\" style=\"height:235px;border-color:#d3d3d3;border-width:1px;border-radius:6px;margin-top:0;margin-bottom:0;padding-top:var(--wp--preset--spacing--30);padding-right:var(--wp--preset--spacing--30);padding-bottom:var(--wp--preset--spacing--30);padding-left:var(--wp--preset--spacing--30)\"><div class=\"wp-block-group__inner-container is-layout-constrained wp-container-core-group-is-layout-a1657e3c wp-block-group-is-layout-constrained\">\n\n<figure class=\"wp-block-image size-full is-resized wp-duotone-979797-c2a990-5\"><img decoding=\"async\" src=\"https:\/\/bluefloret.com\/wp-content\/uploads\/2025\/09\/icons8-table-of-content-48.png\" alt=\"\" class=\"wp-image-879\" style=\"width:40px;  margin-left:25px;\"\/><\/figure>\n\n\n\n<h2 class=\"wp-block-heading\" style=\"margin-top:var(--wp--preset--spacing--20);margin-bottom:0;font-size:18px;font-style:normal;font-weight:700;line-height:1.6;  margin-left:25px;\">Satz &#038; Formatierung<\/h2>\n\n\n\n<p class=\"has-dark-text-color-color has-text-color has-link-color wp-elements-d2430ba907c14cc6a2f35525accebe7e\" style=\"margin-left:25px;\">\u2013 Layouts beliebiger Komplexit\u00e4t<br>\n\u2013 Design und Desktop-Publishing (DTP)<\/p>\n\n\n<\/div><\/div>\n<\/div>\n\n\n\n<div class=\"wp-block-column is-layout-flow wp-block-column-is-layout-flow\">\n<div class=\"wp-block-group has-border-color has-button-hover-text-color-background-color has-background\" style=\"height:235px;border-color:#d3d3d3;border-width:1px;border-radius:6px;margin-top:0;margin-bottom:0;padding-top:var(--wp--preset--spacing--30);padding-right:var(--wp--preset--spacing--30);padding-bottom:var(--wp--preset--spacing--30);padding-left:var(--wp--preset--spacing--30)\"><div class=\"wp-block-group__inner-container is-layout-constrained wp-container-core-group-is-layout-a1657e3c wp-block-group-is-layout-constrained\">\n\n<figure class=\"wp-block-image size-full is-resized wp-duotone-979797-c2a990-6\"><img decoding=\"async\" src=\"https:\/\/bluefloret.com\/wp-content\/uploads\/2025\/09\/icons8-rules-48.png\" alt=\"\" class=\"wp-image-881\" style=\"width:40px;  margin-left:25px;\"\/><\/figure>\n\n\n\n<h2 class=\"wp-block-heading\" style=\"margin-top:var(--wp--preset--spacing--20);margin-bottom:0;font-size:18px;font-style:normal;font-weight:700;line-height:1.6;  margin-left:25px;\">Korrektorat &#038; Adaption<\/h2>\n\n\n\n<p class=\"has-dark-text-color-color has-text-color has-link-color wp-elements-7b09000cda8810948a2e3ec23aeafdc4\" style=\"margin-left:25px;\">\u2013 Pr\u00fcfung von kundenseitig bereitgestellten \u00dcbersetzungen<br>\n\u2013 Qualit\u00e4tssicherung, Audit und Bewertung<\/p>\n\n\n<\/div><\/div>\n<\/div>\n<\/div>\n<\/div>\n\n\n\n\n<\/div>\n\n\n<p><\/p>\n","protected":false},"excerpt":{"rendered":"<p>Schriftliche \u00dcbersetzung \u2013 \u00dcber 70 Sprachen \u2013 Qualifizierte muttersprachliche Fachkr\u00e4fte Professionelles Lektorat \u2013 Fach- und wissenschaftliches Lektorat \u2013 Erstellung von Glossaren und Terminologiedatenbanken Fachgebiete \u2013 Technik und Medizin \u2013 Recht, Marketing u. a. Zertifizierte \u00dcbersetzung \u2013 Offizielle Bescheinigung mit Firmensiegel \u2013 Rechtlich g\u00fcltige \u00dcbersetzungen Satz &#038; Formatierung \u2013 Layouts beliebiger Komplexit\u00e4t \u2013 Design und Desktop-Publishing [&hellip;]<\/p>\n","protected":false},"author":1,"featured_media":0,"parent":0,"menu_order":0,"comment_status":"closed","ping_status":"closed","template":"","meta":{"footnotes":""},"class_list":["post-494","page","type-page","status-publish","hentry"],"_links":{"self":[{"href":"https:\/\/bluefloret.com\/index.php?rest_route=\/wp\/v2\/pages\/494","targetHints":{"allow":["GET"]}}],"collection":[{"href":"https:\/\/bluefloret.com\/index.php?rest_route=\/wp\/v2\/pages"}],"about":[{"href":"https:\/\/bluefloret.com\/index.php?rest_route=\/wp\/v2\/types\/page"}],"author":[{"embeddable":true,"href":"https:\/\/bluefloret.com\/index.php?rest_route=\/wp\/v2\/users\/1"}],"replies":[{"embeddable":true,"href":"https:\/\/bluefloret.com\/index.php?rest_route=%2Fwp%2Fv2%2Fcomments&post=494"}],"version-history":[{"count":1,"href":"https:\/\/bluefloret.com\/index.php?rest_route=\/wp\/v2\/pages\/494\/revisions"}],"predecessor-version":[{"id":495,"href":"https:\/\/bluefloret.com\/index.php?rest_route=\/wp\/v2\/pages\/494\/revisions\/495"}],"wp:attachment":[{"href":"https:\/\/bluefloret.com\/index.php?rest_route=%2Fwp%2Fv2%2Fmedia&parent=494"}],"curies":[{"name":"wp","href":"https:\/\/api.w.org\/{rel}","templated":true}]}}