{"id":492,"date":"2025-09-24T16:03:35","date_gmt":"2025-09-24T16:03:35","guid":{"rendered":"https:\/\/bluefloret.com\/?page_id=492"},"modified":"2025-09-24T16:03:36","modified_gmt":"2025-09-24T16:03:36","slug":"preise-lieferzeiten","status":"publish","type":"page","link":"https:\/\/bluefloret.com\/?page_id=492&lang=de","title":{"rendered":"PREISE &#038; LIEFERZEITEN"},"content":{"rendered":"<div class=\"wp-block-cover has-custom-content-position is-position-top-center\" style=\"margin-top:0;margin-bottom:0;padding-top:0;padding-right:0;padding-bottom:0;padding-left:0;min-height:700px;aspect-ratio:unset;\"><img decoding=\"async\" class=\"wp-block-cover__image-background wp-image-58 size-full\" alt=\"\" src=\"https:\/\/bluefloret.com\/wp-content\/uploads\/2025\/09\/bl.jpg\" data-object-fit=\"cover\"><span aria-hidden=\"true\" class=\"wp-block-cover__background has-primary-background-color has-background-dim\"><\/span><\/p>\n\n\n<div class=\"wp-block-column is-layout-flow wp-block-column-is-layout-flow\">\n\n<div class=\"wp-block-group has-global-padding is-content-justification-left is-layout-constrained wp-container-core-group-is-layout-db6cbf98 wp-block-group-is-layout-constrained\" style=\"margin-right:40px;margin-left:40px;\">\n<h2 class=\"wp-block-heading has-text-align-left has-white-text-color-color has-text-color has-link-color has-poppins-font-family wp-elements-0f7850d3798732ec2f7a0a06310f3d4c\" style=\"font-family:Arial; font-weight:900; font-size:clamp(35.2px, 2.2rem + ((1vw - 3.2px) * 3.273), 64px);color:#fff; margin-top:45px; margin-bottom:45px;\">PREISE &#038; LIEFERZEITEN<\/h2>\n<p class=\"has-text-align-left has-white-text-color-color has-text-color has-link-color wp-elements-c040715147e06ab9bf426025620fc2b0 is-layout-flex wp-container-core-columns-is-layout-60002329 wp-block-columns-is-layout-flex\" style=\"font-family:Arial; font-weight:500; font-size:clamp(14px, 0.875rem + ((1vw - 3.2px) * 0.455), 24px);color:#fff;\">Die Preise h\u00e4ngen von der Sprachkombination, der Lieferzeit, der Textkomplexit\u00e4t und den Formatierungsanforderungen ab. Eine \u00dcbersetzung durch Muttersprachler inklusive Lektorat beginnt bei 0,02 \u20ac pro Wort (oder 5,00 \u20ac pro Seite \u00e0 250 W\u00f6rtern). Senden Sie uns Ihre Anfrage oder kontaktieren Sie uns auf dem f\u00fcr Sie bequemsten Weg \u2013 wir unterbreiten Ihnen schnell die passendste und wirtschaftlichste L\u00f6sung f\u00fcr Ihr Projekt.\n<br><br>\nDie Standardleistung einer einzelnen \u00dcbersetzerin oder eines einzelnen \u00dcbersetzers inklusive redaktioneller Pr\u00fcfung liegt bei 12\u201315 Seiten pro Tag. Wenn Sie eine schnellere Lieferung ben\u00f6tigen, k\u00f6nnen wir mehrere Fachkr\u00e4fte parallel einsetzen. In diesem Fall durchl\u00e4uft der Abschlusstext ein obligatorisches Lektorat und ein abschlie\u00dfendes Korrektorat, um eine einheitliche Terminologie und Stilf\u00fchrung sowie eine durchg\u00e4ngig hohe Qualit\u00e4t sicherzustellen.\n\n<\/p>\n<\/div>\n<p><\/main>\n<\/div>\n<\/div>\n\n\n<div class=\"wp-block-group alignfull is-content-justification-center\" style=\"margin-top:0;margin-bottom:0\"><div class=\"wp-block-group__inner-container is-layout-constrained wp-block-group-is-layout-constrained\">\n<div style=\"height:7px\" aria-hidden=\"true\" class=\"wp-block-spacer\"><\/div>\n<\/div><\/div>\n\n\n\n\n\n<div class=\"wp-block-column is-layout-flow wp-block-column-is-layout-flow\" style=\"margin-left:30px;margin-right:30px;\">\n<div class=\"wp-block-columns is-layout-flex wp-container-core-columns-is-layout-60002329 wp-block-columns-is-layout-flex\" style=\"padding-top:var(--wp--preset--spacing--30)\">\n<div class=\"wp-block-column is-layout-flow wp-block-column-is-layout-flow\">\n<div class=\"wp-block-group has-border-color\" style=\"height:235px;border-color:#d3d3d3;border-width:1px;border-radius:6px;margin-top:0;margin-bottom:0;padding-top:var(--wp--preset--spacing--30);padding-right:var(--wp--preset--spacing--30);padding-bottom:var(--wp--preset--spacing--30);padding-left:var(--wp--preset--spacing--30)\"><div class=\"wp-block-group__inner-container is-layout-constrained wp-container-core-group-is-layout-a1657e3c wp-block-group-is-layout-constrained\">\n\n<figure class=\"wp-block-image size-full is-resized wp-duotone-979797-c2a990-1\"><img decoding=\"async\" src=\"https:\/\/bluefloret.com\/wp-content\/uploads\/2025\/09\/icons8-abc-48.png\" alt=\"\" class=\"wp-image-881\" style=\"width:40px; margin-left:25px;\"\/><\/figure>\n\n\n\n<h2 class=\"wp-block-heading\" style=\"margin-top:var(--wp--preset--spacing--20);margin-bottom:0;font-size:18px;font-style:normal;font-weight:700;line-height:1.6; margin-left:25px;\">Schriftliche \u00dcbersetzung<\/h2>\n\n\n\n<p class=\"has-dark-text-color-color has-text-color has-link-color wp-elements-2a61e430280185b575823b205946101c\" style=\"margin-left:25px;\">\u2013 \u00dcber 70 Sprachen<br>\n\u2013 Qualifizierte muttersprachliche Fachkr\u00e4fte<\/p>\n\n\n<\/div><\/div>\n<\/div>\n\n\n\n<div class=\"wp-block-column is-layout-flow wp-block-column-is-layout-flow\">\n<div class=\"wp-block-group has-border-color has-button-hover-text-color-background-color has-background\" style=\"height:235px;border-color:#d3d3d3;border-width:1px;border-radius:6px;margin-top:0;margin-bottom:0;padding-top:var(--wp--preset--spacing--30);padding-right:var(--wp--preset--spacing--30);padding-bottom:var(--wp--preset--spacing--30);padding-left:var(--wp--preset--spacing--30)\"><div class=\"wp-block-group__inner-container is-layout-constrained wp-container-core-group-is-layout-a1657e3c wp-block-group-is-layout-constrained\">\n\n<figure class=\"wp-block-image size-full is-resized wp-duotone-979797-c2a990-2\"><img decoding=\"async\" src=\"https:\/\/bluefloret.com\/wp-content\/uploads\/2025\/09\/icons8-book-48.png\" alt=\"\" class=\"wp-image-880\" style=\"width:40px;  margin-left:25px;\"\/><\/figure>\n\n\n\n<h2 class=\"wp-block-heading\" style=\"margin-top:var(--wp--preset--spacing--20);margin-bottom:0;font-size:18px;font-style:normal;font-weight:700;line-height:1.6; margin-left:25px;\">Professionelles Lektorat<\/h2>\n\n\n\n<p class=\"has-dark-text-color-color has-text-color has-link-color wp-elements-8e1f3e82135392d9d474d024da6945c5\" style=\"margin-left:25px;\">\u2013 Fach- und wissenschaftliches Lektorat<br>\n\u2013 Erstellung von Glossaren und Terminologiedatenbanken<\/p>\n\n\n<\/div><\/div>\n<\/div>\n\n\n\n<div class=\"wp-block-column is-layout-flow wp-block-column-is-layout-flow\">\n<div class=\"wp-block-group has-border-color\" style=\"height:235px;border-color:#d3d3d3;border-width:1px;border-radius:6px;margin-top:0;margin-bottom:0;padding-top:var(--wp--preset--spacing--30);padding-right:var(--wp--preset--spacing--30);padding-bottom:var(--wp--preset--spacing--30);padding-left:var(--wp--preset--spacing--30)\"><div class=\"wp-block-group__inner-container is-layout-constrained wp-container-core-group-is-layout-a1657e3c wp-block-group-is-layout-constrained\">\n\n<figure class=\"wp-block-image size-full is-resized wp-duotone-979797-c2a990-3\"><img decoding=\"async\" src=\"https:\/\/bluefloret.com\/wp-content\/uploads\/2025\/09\/icons8-microscope-48.png\" alt=\"\" class=\"wp-image-879\" style=\"width:40px;  margin-left:25px;\"\/><\/figure>\n\n\n\n<h2 class=\"wp-block-heading\" style=\"margin-top:var(--wp--preset--spacing--20);margin-bottom:0;font-size:18px;font-style:normal;font-weight:700;line-height:1.6;  margin-left:25px;\">Fachgebiete<\/h2>\n\n\n\n<p class=\"has-dark-text-color-color has-text-color has-link-color wp-elements-5943fbf70d9eecd9155a8a0058d435cd\" style=\"margin-left:25px;\">\u2013 Technik und Medizin<br>\n\u2013 Recht, Marketing u. a.<\/p>\n\n\n<\/div><\/div>\n<\/div>\n<\/div>\n<\/div>\n\n\n\n\n\n\n<br>\n\n\n\n\n\n<div class=\"wp-block-column is-layout-flow wp-block-column-is-layout-flow\" style=\"margin-left:30px;margin-right:30px;\">\n<div class=\"wp-block-columns is-layout-flex wp-container-core-columns-is-layout-8b288d98 wp-block-columns-is-layout-flex\" style=\"padding-top:0\">\n<div class=\"wp-block-column is-layout-flow wp-block-column-is-layout-flow\">\n<div class=\"wp-block-group has-border-color has-button-hover-text-color-background-color has-background\" style=\"height:235px;border-color:#d3d3d3;border-width:1px;border-radius:6px;margin-top:0;margin-bottom:0;padding-top:var(--wp--preset--spacing--30);padding-right:var(--wp--preset--spacing--30);padding-bottom:var(--wp--preset--spacing--30);padding-left:var(--wp--preset--spacing--30)\"><div class=\"wp-block-group__inner-container is-layout-constrained wp-container-core-group-is-layout-a1657e3c wp-block-group-is-layout-constrained\">\n\n<figure class=\"wp-block-image size-full is-resized wp-duotone-979797-c2a990-4\"><img decoding=\"async\" src=\"https:\/\/bluefloret.com\/wp-content\/uploads\/2025\/09\/icons8-warranty-48.png\" alt=\"\" class=\"wp-image-878\" style=\"width:40px;  margin-left:25px;\"\/><\/figure>\n\n\n\n<h2 class=\"wp-block-heading\" style=\"margin-top:var(--wp--preset--spacing--20);margin-bottom:0;font-size:18px;font-style:normal;font-weight:700;line-height:1.6;  margin-left:25px;\">Zertifizierte \u00dcbersetzung<\/h2>\n\n\n\n<p class=\"has-dark-text-color-color has-text-color has-link-color wp-elements-9d9690d47d9d425a994ca79cb2bd0c79\" style=\"margin-left:25px;\">\u2013 Offizielle Bescheinigung mit Firmensiegel<br>\n\u2013 Rechtlich g\u00fcltige \u00dcbersetzungen<\/p>\n\n\n<\/div><\/div>\n<\/div>\n\n\n\n<div class=\"wp-block-column is-layout-flow wp-block-column-is-layout-flow\">\n<div class=\"wp-block-group has-border-color\" style=\"height:235px;border-color:#d3d3d3;border-width:1px;border-radius:6px;margin-top:0;margin-bottom:0;padding-top:var(--wp--preset--spacing--30);padding-right:var(--wp--preset--spacing--30);padding-bottom:var(--wp--preset--spacing--30);padding-left:var(--wp--preset--spacing--30)\"><div class=\"wp-block-group__inner-container is-layout-constrained wp-container-core-group-is-layout-a1657e3c wp-block-group-is-layout-constrained\">\n\n<figure class=\"wp-block-image size-full is-resized wp-duotone-979797-c2a990-5\"><img decoding=\"async\" src=\"https:\/\/bluefloret.com\/wp-content\/uploads\/2025\/09\/icons8-table-of-content-48.png\" alt=\"\" class=\"wp-image-879\" style=\"width:40px;  margin-left:25px;\"\/><\/figure>\n\n\n\n<h2 class=\"wp-block-heading\" style=\"margin-top:var(--wp--preset--spacing--20);margin-bottom:0;font-size:18px;font-style:normal;font-weight:700;line-height:1.6;  margin-left:25px;\">Satz &#038; Formatierung<\/h2>\n\n\n\n<p class=\"has-dark-text-color-color has-text-color has-link-color wp-elements-d2430ba907c14cc6a2f35525accebe7e\" style=\"margin-left:25px;\">\u2013 Layouts beliebiger Komplexit\u00e4t<br>\n\u2013 Design und Desktop-Publishing (DTP)<\/p>\n\n\n<\/div><\/div>\n<\/div>\n\n\n\n<div class=\"wp-block-column is-layout-flow wp-block-column-is-layout-flow\">\n<div class=\"wp-block-group has-border-color has-button-hover-text-color-background-color has-background\" style=\"height:235px;border-color:#d3d3d3;border-width:1px;border-radius:6px;margin-top:0;margin-bottom:0;padding-top:var(--wp--preset--spacing--30);padding-right:var(--wp--preset--spacing--30);padding-bottom:var(--wp--preset--spacing--30);padding-left:var(--wp--preset--spacing--30)\"><div class=\"wp-block-group__inner-container is-layout-constrained wp-container-core-group-is-layout-a1657e3c wp-block-group-is-layout-constrained\">\n\n<figure class=\"wp-block-image size-full is-resized wp-duotone-979797-c2a990-6\"><img decoding=\"async\" src=\"https:\/\/bluefloret.com\/wp-content\/uploads\/2025\/09\/icons8-rules-48.png\" alt=\"\" class=\"wp-image-881\" style=\"width:40px;  margin-left:25px;\"\/><\/figure>\n\n\n\n<h2 class=\"wp-block-heading\" style=\"margin-top:var(--wp--preset--spacing--20);margin-bottom:0;font-size:18px;font-style:normal;font-weight:700;line-height:1.6;  margin-left:25px;\">Korrektorat &#038; Adaption<\/h2>\n\n\n\n<p class=\"has-dark-text-color-color has-text-color has-link-color wp-elements-7b09000cda8810948a2e3ec23aeafdc4\" style=\"margin-left:25px;\">\u2013 Pr\u00fcfung von kundenseitig bereitgestellten \u00dcbersetzungen<br>\n\u2013 Qualit\u00e4tssicherung, Audit und Bewertung<\/p>\n\n\n<\/div><\/div>\n<\/div>\n<\/div>\n<\/div>\n\n\n\n\n<\/div>\n\n\n<p><\/p>\n","protected":false},"excerpt":{"rendered":"<p>Schriftliche \u00dcbersetzung \u2013 \u00dcber 70 Sprachen \u2013 Qualifizierte muttersprachliche Fachkr\u00e4fte Professionelles Lektorat \u2013 Fach- und wissenschaftliches Lektorat \u2013 Erstellung von Glossaren und Terminologiedatenbanken Fachgebiete \u2013 Technik und Medizin \u2013 Recht, Marketing u. a. Zertifizierte \u00dcbersetzung \u2013 Offizielle Bescheinigung mit Firmensiegel \u2013 Rechtlich g\u00fcltige \u00dcbersetzungen Satz &#038; Formatierung \u2013 Layouts beliebiger Komplexit\u00e4t \u2013 Design und Desktop-Publishing [&hellip;]<\/p>\n","protected":false},"author":1,"featured_media":0,"parent":0,"menu_order":0,"comment_status":"closed","ping_status":"closed","template":"","meta":{"footnotes":""},"class_list":["post-492","page","type-page","status-publish","hentry"],"_links":{"self":[{"href":"https:\/\/bluefloret.com\/index.php?rest_route=\/wp\/v2\/pages\/492","targetHints":{"allow":["GET"]}}],"collection":[{"href":"https:\/\/bluefloret.com\/index.php?rest_route=\/wp\/v2\/pages"}],"about":[{"href":"https:\/\/bluefloret.com\/index.php?rest_route=\/wp\/v2\/types\/page"}],"author":[{"embeddable":true,"href":"https:\/\/bluefloret.com\/index.php?rest_route=\/wp\/v2\/users\/1"}],"replies":[{"embeddable":true,"href":"https:\/\/bluefloret.com\/index.php?rest_route=%2Fwp%2Fv2%2Fcomments&post=492"}],"version-history":[{"count":1,"href":"https:\/\/bluefloret.com\/index.php?rest_route=\/wp\/v2\/pages\/492\/revisions"}],"predecessor-version":[{"id":493,"href":"https:\/\/bluefloret.com\/index.php?rest_route=\/wp\/v2\/pages\/492\/revisions\/493"}],"wp:attachment":[{"href":"https:\/\/bluefloret.com\/index.php?rest_route=%2Fwp%2Fv2%2Fmedia&parent=492"}],"curies":[{"name":"wp","href":"https:\/\/api.w.org\/{rel}","templated":true}]}}