{"id":454,"date":"2025-09-16T08:16:49","date_gmt":"2025-09-16T08:16:49","guid":{"rendered":"https:\/\/bluefloret.com\/?page_id=454"},"modified":"2025-09-16T08:46:36","modified_gmt":"2025-09-16T08:46:36","slug":"a-propos","status":"publish","type":"page","link":"https:\/\/bluefloret.com\/?page_id=454&lang=fr","title":{"rendered":"\u00c0 PROPOS"},"content":{"rendered":"<div class=\"wp-block-cover has-custom-content-position is-position-top-center\" style=\"margin-top:0;margin-bottom:0;padding-top:0;padding-right:0;padding-bottom:0;padding-left:0;min-height:700px;aspect-ratio:unset;\"><img decoding=\"async\" class=\"wp-block-cover__image-background wp-image-58 size-full\" alt=\"\" src=\"https:\/\/bluefloret.com\/wp-content\/uploads\/2025\/09\/bl.jpg\" data-object-fit=\"cover\"><span aria-hidden=\"true\" class=\"wp-block-cover__background has-primary-background-color has-background-dim\"><\/span><\/p>\n\n\n<div class=\"wp-block-column is-layout-flow wp-block-column-is-layout-flow\">\n\n<div class=\"wp-block-group has-global-padding is-content-justification-left is-layout-constrained wp-container-core-group-is-layout-db6cbf98 wp-block-group-is-layout-constrained\" style=\"margin-right:40px;margin-left:40px;\">\n<h2 class=\"wp-block-heading has-text-align-left has-white-text-color-color has-text-color has-link-color has-poppins-font-family wp-elements-0f7850d3798732ec2f7a0a06310f3d4c\" style=\"font-family:Arial; font-weight:900; font-size:clamp(35.2px, 2.2rem + ((1vw - 3.2px) * 3.273), 64px);color:#fff; margin-top:45px; margin-bottom:45px;\">\u00c0 propos de l\u2019entreprise<\/h2>\n<p class=\"has-text-align-left has-white-text-color-color has-text-color has-link-color wp-elements-c040715147e06ab9bf426025620fc2b0 is-layout-flex wp-container-core-columns-is-layout-60002329 wp-block-columns-is-layout-flex\" style=\"font-family:Arial; font-weight:500; font-size:clamp(14px, 0.875rem + ((1vw - 3.2px) * 0.455), 24px);color:#fff;\">L\u2019agence de traduction BLUE FLORET fournit des services professionnels de traduction \u00e9crite depuis 2007. Au fil des ann\u00e9es, nous avons acquis une expertise approfondie, gagn\u00e9 la confiance de milliers de clients et continuons de nous d\u00e9velopper tout en restant fid\u00e8les \u00e0 nos principes fondamentaux : qualit\u00e9, professionnalisme et attention port\u00e9e \u00e0 chaque client.<br><br>\nNos clients sont des institutions publiques, des entreprises priv\u00e9es et des multinationales en Europe, en Asie, en Am\u00e9rique du Nord et du Sud. Nous travaillons \u00e9galement avec des particuliers partout dans le monde. Nous accompagnons r\u00e9guli\u00e8rement plus de 5 000 organisations en leur proposant une gamme compl\u00e8te de services de traduction. Nous participons activement \u00e0 des conf\u00e9rences du secteur et suivons de pr\u00e8s les tendances du march\u00e9 afin de r\u00e9pondre aux exigences actuelles et d\u2019offrir \u00e0 nos clients les meilleures solutions.<br><br>\nNotre soci\u00e9t\u00e9 est organis\u00e9e en d\u00e9partements sp\u00e9cialis\u00e9s : traduction m\u00e9dicale, technique, juridique et commerciale. Cette structure nous permet d\u2019approfondir chaque domaine, de prendre en compte toutes les sp\u00e9cificit\u00e9s sectorielles et de garantir une qualit\u00e9 optimale. BLUE FLORET dispose de bureaux et de repr\u00e9sentations en Espagne, en Pologne, en Russie et en G\u00e9orgie.\n\n<\/p>\n<\/div>\n<p><\/main>\n<\/div>\n<\/div>\n\n\n<div class=\"wp-block-group alignfull is-content-justification-center\" style=\"margin-top:0;margin-bottom:0\"><div class=\"wp-block-group__inner-container is-layout-constrained wp-block-group-is-layout-constrained\">\n<div style=\"height:7px\" aria-hidden=\"true\" class=\"wp-block-spacer\"><\/div>\n<\/div><\/div>\n\n\n\n\n\n<div class=\"wp-block-column is-layout-flow wp-block-column-is-layout-flow\" style=\"margin-left:30px;margin-right:30px;\">\n<div class=\"wp-block-columns is-layout-flex wp-container-core-columns-is-layout-60002329 wp-block-columns-is-layout-flex\" style=\"padding-top:var(--wp--preset--spacing--30)\">\n<div class=\"wp-block-column is-layout-flow wp-block-column-is-layout-flow\">\n<div class=\"wp-block-group has-border-color\" style=\"height:235px;border-color:#d3d3d3;border-width:1px;border-radius:6px;margin-top:0;margin-bottom:0;padding-top:var(--wp--preset--spacing--30);padding-right:var(--wp--preset--spacing--30);padding-bottom:var(--wp--preset--spacing--30);padding-left:var(--wp--preset--spacing--30)\"><div class=\"wp-block-group__inner-container is-layout-constrained wp-container-core-group-is-layout-a1657e3c wp-block-group-is-layout-constrained\">\n\n<figure class=\"wp-block-image size-full is-resized wp-duotone-979797-c2a990-1\"><img decoding=\"async\" src=\"https:\/\/bluefloret.com\/wp-content\/uploads\/2025\/09\/icons8-abc-48.png\" alt=\"\" class=\"wp-image-881\" style=\"width:40px; margin-left:25px;\"\/><\/figure>\n\n\n\n<h2 class=\"wp-block-heading\" style=\"margin-top:var(--wp--preset--spacing--20);margin-bottom:0;font-size:18px;font-style:normal;font-weight:700;line-height:1.6; margin-left:25px;\">Traduction \u00e9crite<\/h2>\n\n\n\n<p class=\"has-dark-text-color-color has-text-color has-link-color wp-elements-d278f097b79cb653ef77bd090670f6e7\" style=\"margin-left:25px;\">\u2013 Plus de 70 langues\n\u2013 Traducteurs natifs qualifi\u00e9s<br>\n<\/p>\n\n\n<\/div><\/div>\n<\/div>\n\n\n\n<div class=\"wp-block-column is-layout-flow wp-block-column-is-layout-flow\">\n<div class=\"wp-block-group has-border-color has-button-hover-text-color-background-color has-background\" style=\"height:235px;border-color:#d3d3d3;border-width:1px;border-radius:6px;margin-top:0;margin-bottom:0;padding-top:var(--wp--preset--spacing--30);padding-right:var(--wp--preset--spacing--30);padding-bottom:var(--wp--preset--spacing--30);padding-left:var(--wp--preset--spacing--30)\"><div class=\"wp-block-group__inner-container is-layout-constrained wp-container-core-group-is-layout-a1657e3c wp-block-group-is-layout-constrained\">\n\n<figure class=\"wp-block-image size-full is-resized wp-duotone-979797-c2a990-2\"><img decoding=\"async\" src=\"https:\/\/bluefloret.com\/wp-content\/uploads\/2025\/09\/icons8-book-48.png\" alt=\"\" class=\"wp-image-880\" style=\"width:40px;  margin-left:25px;\"\/><\/figure>\n\n\n\n<h2 class=\"wp-block-heading\" style=\"margin-top:var(--wp--preset--spacing--20);margin-bottom:0;font-size:18px;font-style:normal;font-weight:700;line-height:1.6; margin-left:25px;\">R\u00e9vision professionnelle<\/h2>\n\n\n\n<p class=\"has-dark-text-color-color has-text-color has-link-color wp-elements-920bc3c56293ed9be40c15645950d130\" style=\"margin-left:25px;\">\u2013 R\u00e9visions sp\u00e9cialis\u00e9es et acad\u00e9miques<br>\n\u2013 Cr\u00e9ation de glossaires et de bases terminologiques\n<\/p>\n\n\n<\/div><\/div>\n<\/div>\n\n\n\n<div class=\"wp-block-column is-layout-flow wp-block-column-is-layout-flow\">\n<div class=\"wp-block-group has-border-color\" style=\"height:235px;border-color:#d3d3d3;border-width:1px;border-radius:6px;margin-top:0;margin-bottom:0;padding-top:var(--wp--preset--spacing--30);padding-right:var(--wp--preset--spacing--30);padding-bottom:var(--wp--preset--spacing--30);padding-left:var(--wp--preset--spacing--30)\"><div class=\"wp-block-group__inner-container is-layout-constrained wp-container-core-group-is-layout-a1657e3c wp-block-group-is-layout-constrained\">\n\n<figure class=\"wp-block-image size-full is-resized wp-duotone-979797-c2a990-3\"><img decoding=\"async\" src=\"https:\/\/bluefloret.com\/wp-content\/uploads\/2025\/09\/icons8-microscope-48.png\" alt=\"\" class=\"wp-image-879\" style=\"width:40px;  margin-left:25px;\"\/><\/figure>\n\n\n\n<h2 class=\"wp-block-heading\" style=\"margin-top:var(--wp--preset--spacing--20);margin-bottom:0;font-size:18px;font-style:normal;font-weight:700;line-height:1.6;  margin-left:25px;\">Domaines sp\u00e9cialis\u00e9s<\/h2>\n\n\n\n<p class=\"has-dark-text-color-color has-text-color has-link-color wp-elements-6be9f07b3e2df64bf6ca296856f1e196\" style=\"margin-left:25px;\">\u2013 Techniques et m\u00e9dicales<br>\n\u2013 Juridiques, marketing et autres\n<\/p>\n\n\n<\/div><\/div>\n<\/div>\n<\/div>\n<\/div>\n\n\n\n\n\n\n<br>\n\n\n\n\n\n<div class=\"wp-block-column is-layout-flow wp-block-column-is-layout-flow\" style=\"margin-left:30px;margin-right:30px;\">\n<div class=\"wp-block-columns is-layout-flex wp-container-core-columns-is-layout-8b288d98 wp-block-columns-is-layout-flex\" style=\"padding-top:0\">\n<div class=\"wp-block-column is-layout-flow wp-block-column-is-layout-flow\">\n<div class=\"wp-block-group has-border-color has-button-hover-text-color-background-color has-background\" style=\"height:235px;border-color:#d3d3d3;border-width:1px;border-radius:6px;margin-top:0;margin-bottom:0;padding-top:var(--wp--preset--spacing--30);padding-right:var(--wp--preset--spacing--30);padding-bottom:var(--wp--preset--spacing--30);padding-left:var(--wp--preset--spacing--30)\"><div class=\"wp-block-group__inner-container is-layout-constrained wp-container-core-group-is-layout-a1657e3c wp-block-group-is-layout-constrained\">\n\n<figure class=\"wp-block-image size-full is-resized wp-duotone-979797-c2a990-4\"><img decoding=\"async\" src=\"https:\/\/bluefloret.com\/wp-content\/uploads\/2025\/09\/icons8-warranty-48.png\" alt=\"\" class=\"wp-image-878\" style=\"width:40px;  margin-left:25px;\"\/><\/figure>\n\n\n\n<h2 class=\"wp-block-heading\" style=\"margin-top:var(--wp--preset--spacing--20);margin-bottom:0;font-size:18px;font-style:normal;font-weight:700;line-height:1.6;  margin-left:25px;\">Traduction certifi\u00e9e<\/h2>\n\n\n\n<p class=\"has-dark-text-color-color has-text-color has-link-color wp-elements-cd349353021ffbdd9587a223768e8de7\" style=\"margin-left:25px;\">\u2013 Certification officielle avec le sceau de l\u2019entreprise<br>\n\u2013 Traductions \u00e0 valeur l\u00e9gale\n<\/p>\n\n\n<\/div><\/div>\n<\/div>\n\n\n\n<div class=\"wp-block-column is-layout-flow wp-block-column-is-layout-flow\">\n<div class=\"wp-block-group has-border-color\" style=\"height:235px;border-color:#d3d3d3;border-width:1px;border-radius:6px;margin-top:0;margin-bottom:0;padding-top:var(--wp--preset--spacing--30);padding-right:var(--wp--preset--spacing--30);padding-bottom:var(--wp--preset--spacing--30);padding-left:var(--wp--preset--spacing--30)\"><div class=\"wp-block-group__inner-container is-layout-constrained wp-container-core-group-is-layout-a1657e3c wp-block-group-is-layout-constrained\">\n\n<figure class=\"wp-block-image size-full is-resized wp-duotone-979797-c2a990-5\"><img decoding=\"async\" src=\"https:\/\/bluefloret.com\/wp-content\/uploads\/2025\/09\/icons8-table-of-content-48.png\" alt=\"\" class=\"wp-image-879\" style=\"width:40px;  margin-left:25px;\"\/><\/figure>\n\n\n\n<h2 class=\"wp-block-heading\" style=\"margin-top:var(--wp--preset--spacing--20);margin-bottom:0;font-size:18px;font-style:normal;font-weight:700;line-height:1.6;  margin-left:25px;\">Mise en page et formatage<\/h2>\n\n\n\n<p class=\"has-dark-text-color-color has-text-color has-link-color wp-elements-611933f2e06bc18d3374abd5a84993e7\" style=\"margin-left:25px;\">\u2013 Maquettes de toute complexit\u00e9<br>\n\u2013 Conception et publication assist\u00e9e par ordinateur (PAO)\n<\/p>\n\n\n<\/div><\/div>\n<\/div>\n\n\n\n<div class=\"wp-block-column is-layout-flow wp-block-column-is-layout-flow\">\n<div class=\"wp-block-group has-border-color has-button-hover-text-color-background-color has-background\" style=\"height:235px;border-color:#d3d3d3;border-width:1px;border-radius:6px;margin-top:0;margin-bottom:0;padding-top:var(--wp--preset--spacing--30);padding-right:var(--wp--preset--spacing--30);padding-bottom:var(--wp--preset--spacing--30);padding-left:var(--wp--preset--spacing--30)\"><div class=\"wp-block-group__inner-container is-layout-constrained wp-container-core-group-is-layout-a1657e3c wp-block-group-is-layout-constrained\">\n\n<figure class=\"wp-block-image size-full is-resized wp-duotone-979797-c2a990-6\"><img decoding=\"async\" src=\"https:\/\/bluefloret.com\/wp-content\/uploads\/2025\/09\/icons8-rules-48.png\" alt=\"\" class=\"wp-image-881\" style=\"width:40px;  margin-left:25px;\"\/><\/figure>\n\n\n\n<h2 class=\"wp-block-heading\" style=\"margin-top:var(--wp--preset--spacing--20);margin-bottom:0;font-size:18px;font-style:normal;font-weight:700;line-height:1.6;  margin-left:25px;\">Relecture et adaptation<\/h2>\n\n\n\n<p class=\"has-dark-text-color-color has-text-color has-link-color wp-elements-987d5f2f0e1ed1b11cc0ff6344d10a54\" style=\"margin-left:25px;\">\u2013 Relecture de traductions fournies par le client<br>\n\u2013 Contr\u00f4le qualit\u00e9, audit et \u00e9valuation\n<\/p>\n\n\n<\/div><\/div>\n<\/div>\n<\/div>\n<\/div>\n\n\n\n\n<\/div>\n\n\n<p><\/p>\n","protected":false},"excerpt":{"rendered":"<p>Traduction \u00e9crite \u2013 Plus de 70 langues \u2013 Traducteurs natifs qualifi\u00e9s R\u00e9vision professionnelle \u2013 R\u00e9visions sp\u00e9cialis\u00e9es et acad\u00e9miques \u2013 Cr\u00e9ation de glossaires et de bases terminologiques Domaines sp\u00e9cialis\u00e9s \u2013 Techniques et m\u00e9dicales \u2013 Juridiques, marketing et autres Traduction certifi\u00e9e \u2013 Certification officielle avec le sceau de l\u2019entreprise \u2013 Traductions \u00e0 valeur l\u00e9gale Mise en page [&hellip;]<\/p>\n","protected":false},"author":1,"featured_media":0,"parent":0,"menu_order":0,"comment_status":"closed","ping_status":"closed","template":"","meta":{"footnotes":""},"class_list":["post-454","page","type-page","status-publish","hentry"],"_links":{"self":[{"href":"https:\/\/bluefloret.com\/index.php?rest_route=\/wp\/v2\/pages\/454","targetHints":{"allow":["GET"]}}],"collection":[{"href":"https:\/\/bluefloret.com\/index.php?rest_route=\/wp\/v2\/pages"}],"about":[{"href":"https:\/\/bluefloret.com\/index.php?rest_route=\/wp\/v2\/types\/page"}],"author":[{"embeddable":true,"href":"https:\/\/bluefloret.com\/index.php?rest_route=\/wp\/v2\/users\/1"}],"replies":[{"embeddable":true,"href":"https:\/\/bluefloret.com\/index.php?rest_route=%2Fwp%2Fv2%2Fcomments&post=454"}],"version-history":[{"count":3,"href":"https:\/\/bluefloret.com\/index.php?rest_route=\/wp\/v2\/pages\/454\/revisions"}],"predecessor-version":[{"id":481,"href":"https:\/\/bluefloret.com\/index.php?rest_route=\/wp\/v2\/pages\/454\/revisions\/481"}],"wp:attachment":[{"href":"https:\/\/bluefloret.com\/index.php?rest_route=%2Fwp%2Fv2%2Fmedia&parent=454"}],"curies":[{"name":"wp","href":"https:\/\/api.w.org\/{rel}","templated":true}]}}