{"id":401,"date":"2025-09-08T03:55:10","date_gmt":"2025-09-08T03:55:10","guid":{"rendered":"https:\/\/bluefloret.com\/?page_id=401"},"modified":"2025-09-08T03:55:10","modified_gmt":"2025-09-08T03:55:10","slug":"tarifas-y-plazos","status":"publish","type":"page","link":"https:\/\/bluefloret.com\/?page_id=401&lang=es","title":{"rendered":"TARIFAS Y PLAZOS"},"content":{"rendered":"<div class=\"wp-block-cover has-custom-content-position is-position-top-center\" style=\"margin-top:0;margin-bottom:0;padding-top:0;padding-right:0;padding-bottom:0;padding-left:0;min-height:700px;aspect-ratio:unset;\"><img decoding=\"async\" class=\"wp-block-cover__image-background wp-image-58 size-full\" alt=\"\" src=\"https:\/\/bluefloret.com\/wp-content\/uploads\/2025\/09\/bl.jpg\" data-object-fit=\"cover\"><span aria-hidden=\"true\" class=\"wp-block-cover__background has-primary-background-color has-background-dim\"><\/span><\/p>\n\n\n<div class=\"wp-block-column is-layout-flow wp-block-column-is-layout-flow\">\n\n<div class=\"wp-block-group has-global-padding is-content-justification-left is-layout-constrained wp-container-core-group-is-layout-db6cbf98 wp-block-group-is-layout-constrained\" style=\"margin-right:40px;margin-left:40px;\">\n<h2 class=\"wp-block-heading has-text-align-left has-white-text-color-color has-text-color has-link-color has-poppins-font-family wp-elements-0f7850d3798732ec2f7a0a06310f3d4c\" style=\"font-family:Arial; font-weight:900; font-size:clamp(35.2px, 2.2rem + ((1vw - 3.2px) * 3.273), 64px);color:#fff; margin-top:45px; margin-bottom:45px;\">Tarifas y plazos<\/h2>\n<p class=\"has-text-align-left has-white-text-color-color has-text-color has-link-color wp-elements-c040715147e06ab9bf426025620fc2b0 is-layout-flex wp-container-core-columns-is-layout-60002329 wp-block-columns-is-layout-flex\" style=\"font-family:Arial; font-weight:500; font-size:clamp(14px, 0.875rem + ((1vw - 3.2px) * 0.455), 24px);color:#fff;\">El coste de la traducci\u00f3n depende de la combinaci\u00f3n de idiomas, el plazo de entrega, la complejidad del texto y los requisitos de formato. El precio de una traducci\u00f3n realizada por un hablante nativo con revisi\u00f3n incluida parte de 0,02 \u20ac por palabra (o 5,00 \u20ac por p\u00e1gina de 250 palabras). Le invitamos a enviar su solicitud o a ponerse en contacto con nosotros por el medio que prefiera: le propondremos r\u00e1pidamente la soluci\u00f3n m\u00e1s adecuada y rentable para su proyecto.<br><br>\nLa productividad est\u00e1ndar de un traductor junto con la revisi\u00f3n editorial es de 12 a 15 p\u00e1ginas al d\u00eda. Si fuera necesario, podemos acelerar el ritmo distribuyendo el documento entre varios especialistas. En ese caso, la traducci\u00f3n final pasa por una revisi\u00f3n obligatoria y una correcci\u00f3n definitiva, lo que garantiza la coherencia del estilo y la terminolog\u00eda, as\u00ed como una alta calidad del texto traducido.\n\n\n\n<\/p>\n<\/div>\n<p><\/main>\n<\/div>\n<\/div>\n\n\n<div class=\"wp-block-group alignfull is-content-justification-center\" style=\"margin-top:0;margin-bottom:0\"><div class=\"wp-block-group__inner-container is-layout-constrained wp-block-group-is-layout-constrained\">\n<div style=\"height:7px\" aria-hidden=\"true\" class=\"wp-block-spacer\"><\/div>\n<\/div><\/div>\n\n\n\n\n\n<div class=\"wp-block-column is-layout-flow wp-block-column-is-layout-flow\" style=\"margin-left:30px;margin-right:30px;\">\n<div class=\"wp-block-columns is-layout-flex wp-container-core-columns-is-layout-60002329 wp-block-columns-is-layout-flex\" style=\"padding-top:var(--wp--preset--spacing--30)\">\n<div class=\"wp-block-column is-layout-flow wp-block-column-is-layout-flow\">\n<div class=\"wp-block-group has-border-color\" style=\"height:235px;border-color:#d3d3d3;border-width:1px;border-radius:6px;margin-top:0;margin-bottom:0;padding-top:var(--wp--preset--spacing--30);padding-right:var(--wp--preset--spacing--30);padding-bottom:var(--wp--preset--spacing--30);padding-left:var(--wp--preset--spacing--30)\"><div class=\"wp-block-group__inner-container is-layout-constrained wp-container-core-group-is-layout-a1657e3c wp-block-group-is-layout-constrained\">\n\n<figure class=\"wp-block-image size-full is-resized wp-duotone-979797-c2a990-1\"><img decoding=\"async\" src=\"https:\/\/bluefloret.com\/wp-content\/uploads\/2025\/09\/icons8-abc-48.png\" alt=\"\" class=\"wp-image-881\" style=\"width:40px; margin-left:25px;\"\/><\/figure>\n\n\n\n<h2 class=\"wp-block-heading\" style=\"margin-top:var(--wp--preset--spacing--20);margin-bottom:0;font-size:18px;font-style:normal;font-weight:700;line-height:1.6; margin-left:25px;\">Traducci\u00f3n escrita<\/h2>\n\n\n\n<p class=\"has-dark-text-color-color has-text-color has-link-color wp-elements-83298d6e55ac9bbceb05134bb60f1fac\" style=\"margin-left:25px;\">\u2013 M\u00e1s de 70 idiomas<br>\n\u2013 Traductores nativos cualificados\n<\/p>\n\n\n<\/div><\/div>\n<\/div>\n\n\n\n<div class=\"wp-block-column is-layout-flow wp-block-column-is-layout-flow\">\n<div class=\"wp-block-group has-border-color has-button-hover-text-color-background-color has-background\" style=\"height:235px;border-color:#d3d3d3;border-width:1px;border-radius:6px;margin-top:0;margin-bottom:0;padding-top:var(--wp--preset--spacing--30);padding-right:var(--wp--preset--spacing--30);padding-bottom:var(--wp--preset--spacing--30);padding-left:var(--wp--preset--spacing--30)\"><div class=\"wp-block-group__inner-container is-layout-constrained wp-container-core-group-is-layout-a1657e3c wp-block-group-is-layout-constrained\">\n\n<figure class=\"wp-block-image size-full is-resized wp-duotone-979797-c2a990-2\"><img decoding=\"async\" src=\"https:\/\/bluefloret.com\/wp-content\/uploads\/2025\/09\/icons8-book-48.png\" alt=\"\" class=\"wp-image-880\" style=\"width:40px;  margin-left:25px;\"\/><\/figure>\n\n\n\n<h2 class=\"wp-block-heading\" style=\"margin-top:var(--wp--preset--spacing--20);margin-bottom:0;font-size:18px;font-style:normal;font-weight:700;line-height:1.6; margin-left:25px;\">Revisi\u00f3n profesional<\/h2>\n\n\n\n<p class=\"has-dark-text-color-color has-text-color has-link-color wp-elements-30e9d18ffbbfe948838f7bd38de25f57\" style=\"margin-left:25px;\">\u2013 Revisi\u00f3n especializada y acad\u00e9mica<br>\n\u2013 Creaci\u00f3n de glosarios y bases terminol\u00f3gicas\n<\/p>\n\n\n<\/div><\/div>\n<\/div>\n\n\n\n<div class=\"wp-block-column is-layout-flow wp-block-column-is-layout-flow\">\n<div class=\"wp-block-group has-border-color\" style=\"height:235px;border-color:#d3d3d3;border-width:1px;border-radius:6px;margin-top:0;margin-bottom:0;padding-top:var(--wp--preset--spacing--30);padding-right:var(--wp--preset--spacing--30);padding-bottom:var(--wp--preset--spacing--30);padding-left:var(--wp--preset--spacing--30)\"><div class=\"wp-block-group__inner-container is-layout-constrained wp-container-core-group-is-layout-a1657e3c wp-block-group-is-layout-constrained\">\n\n<figure class=\"wp-block-image size-full is-resized wp-duotone-979797-c2a990-3\"><img decoding=\"async\" src=\"https:\/\/bluefloret.com\/wp-content\/uploads\/2025\/09\/icons8-microscope-48.png\" alt=\"\" class=\"wp-image-879\" style=\"width:40px;  margin-left:25px;\"\/><\/figure>\n\n\n\n<h2 class=\"wp-block-heading\" style=\"margin-top:var(--wp--preset--spacing--20);margin-bottom:0;font-size:18px;font-style:normal;font-weight:700;line-height:1.6;  margin-left:25px;\">\u00c1reas especializadas<\/h2>\n\n\n\n<p class=\"has-dark-text-color-color has-text-color has-link-color wp-elements-aee18eb842b9ae36bd6e154ed1147407\" style=\"margin-left:25px;\">\u2013 T\u00e9cnica y m\u00e9dica<br>\n\u2013 Jur\u00eddica, de marketing y otras\n<\/p>\n\n\n<\/div><\/div>\n<\/div>\n<\/div>\n<\/div>\n\n\n\n\n\n\n<br>\n\n\n\n\n\n<div class=\"wp-block-column is-layout-flow wp-block-column-is-layout-flow\" style=\"margin-left:30px;margin-right:30px;\">\n<div class=\"wp-block-columns is-layout-flex wp-container-core-columns-is-layout-8b288d98 wp-block-columns-is-layout-flex\" style=\"padding-top:0\">\n<div class=\"wp-block-column is-layout-flow wp-block-column-is-layout-flow\">\n<div class=\"wp-block-group has-border-color has-button-hover-text-color-background-color has-background\" style=\"height:235px;border-color:#d3d3d3;border-width:1px;border-radius:6px;margin-top:0;margin-bottom:0;padding-top:var(--wp--preset--spacing--30);padding-right:var(--wp--preset--spacing--30);padding-bottom:var(--wp--preset--spacing--30);padding-left:var(--wp--preset--spacing--30)\"><div class=\"wp-block-group__inner-container is-layout-constrained wp-container-core-group-is-layout-a1657e3c wp-block-group-is-layout-constrained\">\n\n<figure class=\"wp-block-image size-full is-resized wp-duotone-979797-c2a990-4\"><img decoding=\"async\" src=\"https:\/\/bluefloret.com\/wp-content\/uploads\/2025\/09\/icons8-warranty-48.png\" alt=\"\" class=\"wp-image-878\" style=\"width:40px;  margin-left:25px;\"\/><\/figure>\n\n\n\n<h2 class=\"wp-block-heading\" style=\"margin-top:var(--wp--preset--spacing--20);margin-bottom:0;font-size:18px;font-style:normal;font-weight:700;line-height:1.6;  margin-left:25px;\">Traducci\u00f3n certificada<\/h2>\n\n\n\n<p class=\"has-dark-text-color-color has-text-color has-link-color wp-elements-26840105ea30717e99d930ccb3e4666f\" style=\"margin-left:25px;\">\u2013 Traducciones con sello oficial<br>\n\u2013 Traducci\u00f3n con validez legal\n<\/p>\n\n\n<\/div><\/div>\n<\/div>\n\n\n\n<div class=\"wp-block-column is-layout-flow wp-block-column-is-layout-flow\">\n<div class=\"wp-block-group has-border-color\" style=\"height:235px;border-color:#d3d3d3;border-width:1px;border-radius:6px;margin-top:0;margin-bottom:0;padding-top:var(--wp--preset--spacing--30);padding-right:var(--wp--preset--spacing--30);padding-bottom:var(--wp--preset--spacing--30);padding-left:var(--wp--preset--spacing--30)\"><div class=\"wp-block-group__inner-container is-layout-constrained wp-container-core-group-is-layout-a1657e3c wp-block-group-is-layout-constrained\">\n\n<figure class=\"wp-block-image size-full is-resized wp-duotone-979797-c2a990-5\"><img decoding=\"async\" src=\"https:\/\/bluefloret.com\/wp-content\/uploads\/2025\/09\/icons8-table-of-content-48.png\" alt=\"\" class=\"wp-image-879\" style=\"width:40px;  margin-left:25px;\"\/><\/figure>\n\n\n\n<h2 class=\"wp-block-heading\" style=\"margin-top:var(--wp--preset--spacing--20);margin-bottom:0;font-size:18px;font-style:normal;font-weight:700;line-height:1.6;  margin-left:25px;\">Maquetaci\u00f3n y formato<\/h2>\n\n\n\n<p class=\"has-dark-text-color-color has-text-color has-link-color wp-elements-66db83df963ebc631369bc02ba3eeffb\" style=\"margin-left:25px;\">\u2013 Cualquier nivel de complejidad<br>\n\u2013 Dise\u00f1o y maquetaci\u00f3n profesional\n<\/p>\n\n\n<\/div><\/div>\n<\/div>\n\n\n\n<div class=\"wp-block-column is-layout-flow wp-block-column-is-layout-flow\">\n<div class=\"wp-block-group has-border-color has-button-hover-text-color-background-color has-background\" style=\"height:235px;border-color:#d3d3d3;border-width:1px;border-radius:6px;margin-top:0;margin-bottom:0;padding-top:var(--wp--preset--spacing--30);padding-right:var(--wp--preset--spacing--30);padding-bottom:var(--wp--preset--spacing--30);padding-left:var(--wp--preset--spacing--30)\"><div class=\"wp-block-group__inner-container is-layout-constrained wp-container-core-group-is-layout-a1657e3c wp-block-group-is-layout-constrained\">\n\n<figure class=\"wp-block-image size-full is-resized wp-duotone-979797-c2a990-6\"><img decoding=\"async\" src=\"https:\/\/bluefloret.com\/wp-content\/uploads\/2025\/09\/icons8-rules-48.png\" alt=\"\" class=\"wp-image-881\" style=\"width:40px;  margin-left:25px;\"\/><\/figure>\n\n\n\n<h2 class=\"wp-block-heading\" style=\"margin-top:var(--wp--preset--spacing--20);margin-bottom:0;font-size:18px;font-style:normal;font-weight:700;line-height:1.6;  margin-left:25px;\">Correcci\u00f3n y adaptaci\u00f3n<\/h2>\n\n\n\n<p class=\"has-dark-text-color-color has-text-color has-link-color wp-elements-1d7231c7caa57c275f78d2892ea24aca\" style=\"margin-left:25px;\">\u2013 Revisi\u00f3n de traducciones aportadas por el cliente<br>\n\u2013 Control de calidad, auditor\u00eda y evaluaci\u00f3n\n<\/p>\n\n\n<\/div><\/div>\n<\/div>\n<\/div>\n<\/div>\n\n\n\n\n<\/div>\n\n\n<p><\/p>\n","protected":false},"excerpt":{"rendered":"<p>Traducci\u00f3n escrita \u2013 M\u00e1s de 70 idiomas \u2013 Traductores nativos cualificados Revisi\u00f3n profesional \u2013 Revisi\u00f3n especializada y acad\u00e9mica \u2013 Creaci\u00f3n de glosarios y bases terminol\u00f3gicas \u00c1reas especializadas \u2013 T\u00e9cnica y m\u00e9dica \u2013 Jur\u00eddica, de marketing y otras Traducci\u00f3n certificada \u2013 Traducciones con sello oficial \u2013 Traducci\u00f3n con validez legal Maquetaci\u00f3n y formato \u2013 Cualquier nivel [&hellip;]<\/p>\n","protected":false},"author":1,"featured_media":0,"parent":0,"menu_order":0,"comment_status":"closed","ping_status":"closed","template":"","meta":{"footnotes":""},"class_list":["post-401","page","type-page","status-publish","hentry"],"_links":{"self":[{"href":"https:\/\/bluefloret.com\/index.php?rest_route=\/wp\/v2\/pages\/401","targetHints":{"allow":["GET"]}}],"collection":[{"href":"https:\/\/bluefloret.com\/index.php?rest_route=\/wp\/v2\/pages"}],"about":[{"href":"https:\/\/bluefloret.com\/index.php?rest_route=\/wp\/v2\/types\/page"}],"author":[{"embeddable":true,"href":"https:\/\/bluefloret.com\/index.php?rest_route=\/wp\/v2\/users\/1"}],"replies":[{"embeddable":true,"href":"https:\/\/bluefloret.com\/index.php?rest_route=%2Fwp%2Fv2%2Fcomments&post=401"}],"version-history":[{"count":1,"href":"https:\/\/bluefloret.com\/index.php?rest_route=\/wp\/v2\/pages\/401\/revisions"}],"predecessor-version":[{"id":402,"href":"https:\/\/bluefloret.com\/index.php?rest_route=\/wp\/v2\/pages\/401\/revisions\/402"}],"wp:attachment":[{"href":"https:\/\/bluefloret.com\/index.php?rest_route=%2Fwp%2Fv2%2Fmedia&parent=401"}],"curies":[{"name":"wp","href":"https:\/\/api.w.org\/{rel}","templated":true}]}}